{"id":2588,"date":"2022-08-11T15:36:35","date_gmt":"2022-08-11T13:36:35","guid":{"rendered":"https:\/\/albaauto.hu\/?page_id=2588"},"modified":"2022-08-11T15:39:19","modified_gmt":"2022-08-11T13:39:19","slug":"impresszum","status":"publish","type":"page","link":"https:\/\/albaauto.hu\/?page_id=2588","title":{"rendered":"Impresszum"},"content":{"rendered":"<p>A weboldal \u00fczemeltet\u0151je:<\/p>\n<p><strong>Alba Aut\u00f3jav\u00edt\u00f3 Kft.<\/strong><br \/>\nSz\u00e9khely: 8000. Sz\u00e9kesfeh\u00e9rv\u00e1r, Farkasvermi utca 5.<br \/>\nTelephely: 8000. Sz\u00e9kesfeh\u00e9rv\u00e1r, Balatoni \u00fat 8.<br \/>\nAd\u00f3sz\u00e1m: 27320428-2-07<\/p>\n<p>&nbsp;<\/p>\n","protected":false},"excerpt":{"rendered":"<p>A weboldal \u00fczemeltet\u0151je: Alba Aut\u00f3jav\u00edt\u00f3 Kft. Sz\u00e9khely: 8000. Sz\u00e9kesfeh\u00e9rv\u00e1r, Farkasvermi utca 5. Telephely: 8000. Sz\u00e9kesfeh\u00e9rv\u00e1r, Balatoni \u00fat 8. Ad\u00f3sz\u00e1m: 27320428-2-07 &nbsp;<\/p>\n","protected":false},"author":1,"featured_media":0,"parent":0,"menu_order":0,"comment_status":"closed","ping_status":"closed","template":"","meta":{"footnotes":""},"acf":[],"yoast_head":"<!-- This site is optimized with the Yoast SEO plugin v20.13 - https:\/\/yoast.com\/wordpress\/plugins\/seo\/ -->\n<title>Impresszum - Alba Aut\u00f3jav\u00edt\u00f3<\/title>\n<meta name=\"robots\" content=\"index, follow, max-snippet:-1, max-image-preview:large, max-video-preview:-1\" \/>\n<link rel=\"canonical\" href=\"https:\/\/albaauto.hu\/?page_id=2588\" \/>\n<meta property=\"og:locale\" content=\"hu_HU\" \/>\n<meta property=\"og:type\" content=\"article\" \/>\n<meta property=\"og:title\" content=\"Impresszum - Alba Aut\u00f3jav\u00edt\u00f3\" \/>\n<meta property=\"og:description\" content=\"A weboldal \u00fczemeltet\u0151je: Alba Aut\u00f3jav\u00edt\u00f3 Kft. Sz\u00e9khely: 8000. Sz\u00e9kesfeh\u00e9rv\u00e1r, Farkasvermi utca 5. Telephely: 8000. Sz\u00e9kesfeh\u00e9rv\u00e1r, Balatoni \u00fat 8. Ad\u00f3sz\u00e1m: 27320428-2-07 &nbsp;\" \/>\n<meta property=\"og:url\" content=\"https:\/\/albaauto.hu\/?page_id=2588\" \/>\n<meta property=\"og:site_name\" content=\"Alba Aut\u00f3jav\u00edt\u00f3\" \/>\n<meta property=\"article:modified_time\" content=\"2022-08-11T13:39:19+00:00\" \/>\n<meta name=\"twitter:card\" content=\"summary_large_image\" \/>\n<meta name=\"twitter:label1\" content=\"Becs\u00fclt olvas\u00e1si id\u0151\" \/>\n\t<meta name=\"twitter:data1\" content=\"1 perc\" \/>\n<script type=\"application\/ld+json\" class=\"yoast-schema-graph\">{\"@context\":\"https:\/\/schema.org\",\"@graph\":[{\"@type\":\"WebPage\",\"@id\":\"https:\/\/albaauto.hu\/?page_id=2588\",\"url\":\"https:\/\/albaauto.hu\/?page_id=2588\",\"name\":\"Impresszum - Alba Aut\u00f3jav\u00edt\u00f3\",\"isPartOf\":{\"@id\":\"https:\/\/albaauto.hu\/#website\"},\"datePublished\":\"2022-08-11T13:36:35+00:00\",\"dateModified\":\"2022-08-11T13:39:19+00:00\",\"breadcrumb\":{\"@id\":\"https:\/\/albaauto.hu\/?page_id=2588#breadcrumb\"},\"inLanguage\":\"hu\",\"potentialAction\":[{\"@type\":\"ReadAction\",\"target\":[\"https:\/\/albaauto.hu\/?page_id=2588\"]}]},{\"@type\":\"BreadcrumbList\",\"@id\":\"https:\/\/albaauto.hu\/?page_id=2588#breadcrumb\",\"itemListElement\":[{\"@type\":\"ListItem\",\"position\":1,\"name\":\"Kezd\u0151lap\",\"item\":\"https:\/\/albaauto.hu\/\"},{\"@type\":\"ListItem\",\"position\":2,\"name\":\"Impresszum\"}]},{\"@type\":\"WebSite\",\"@id\":\"https:\/\/albaauto.hu\/#website\",\"url\":\"https:\/\/albaauto.hu\/\",\"name\":\"Alba Aut\u00f3jav\u00edt\u00f3\",\"description\":\"Sz\u00e9kesfeh\u00e9rv\u00e1r\",\"publisher\":{\"@id\":\"https:\/\/albaauto.hu\/#organization\"},\"potentialAction\":[{\"@type\":\"SearchAction\",\"target\":{\"@type\":\"EntryPoint\",\"urlTemplate\":\"https:\/\/albaauto.hu\/?s={search_term_string}\"},\"query-input\":\"required name=search_term_string\"}],\"inLanguage\":\"hu\"},{\"@type\":\"Organization\",\"@id\":\"https:\/\/albaauto.hu\/#organization\",\"name\":\"Alba Aut\u00f3jav\u00edt\u00f3 Kft.\",\"url\":\"https:\/\/albaauto.hu\/\",\"logo\":{\"@type\":\"ImageObject\",\"inLanguage\":\"hu\",\"@id\":\"https:\/\/albaauto.hu\/#\/schema\/logo\/image\/\",\"url\":\"https:\/\/albaauto.hu\/wp-content\/uploads\/2022\/01\/infrared-lamps-drying-car-body-parts-after-applying-save-gloss-coating.jpg\",\"contentUrl\":\"https:\/\/albaauto.hu\/wp-content\/uploads\/2022\/01\/infrared-lamps-drying-car-body-parts-after-applying-save-gloss-coating.jpg\",\"width\":1500,\"height\":1271,\"caption\":\"Alba Aut\u00f3jav\u00edt\u00f3 Kft.\"},\"image\":{\"@id\":\"https:\/\/albaauto.hu\/#\/schema\/logo\/image\/\"}}]}<\/script>\n<!-- \/ Yoast SEO plugin. -->","yoast_head_json":{"title":"Impresszum - Alba Aut\u00f3jav\u00edt\u00f3","robots":{"index":"index","follow":"follow","max-snippet":"max-snippet:-1","max-image-preview":"max-image-preview:large","max-video-preview":"max-video-preview:-1"},"canonical":"https:\/\/albaauto.hu\/?page_id=2588","og_locale":"hu_HU","og_type":"article","og_title":"Impresszum - Alba Aut\u00f3jav\u00edt\u00f3","og_description":"A weboldal \u00fczemeltet\u0151je: Alba Aut\u00f3jav\u00edt\u00f3 Kft. Sz\u00e9khely: 8000. Sz\u00e9kesfeh\u00e9rv\u00e1r, Farkasvermi utca 5. Telephely: 8000. Sz\u00e9kesfeh\u00e9rv\u00e1r, Balatoni \u00fat 8. Ad\u00f3sz\u00e1m: 27320428-2-07 &nbsp;","og_url":"https:\/\/albaauto.hu\/?page_id=2588","og_site_name":"Alba Aut\u00f3jav\u00edt\u00f3","article_modified_time":"2022-08-11T13:39:19+00:00","twitter_card":"summary_large_image","twitter_misc":{"Becs\u00fclt olvas\u00e1si id\u0151":"1 perc"},"schema":{"@context":"https:\/\/schema.org","@graph":[{"@type":"WebPage","@id":"https:\/\/albaauto.hu\/?page_id=2588","url":"https:\/\/albaauto.hu\/?page_id=2588","name":"Impresszum - Alba Aut\u00f3jav\u00edt\u00f3","isPartOf":{"@id":"https:\/\/albaauto.hu\/#website"},"datePublished":"2022-08-11T13:36:35+00:00","dateModified":"2022-08-11T13:39:19+00:00","breadcrumb":{"@id":"https:\/\/albaauto.hu\/?page_id=2588#breadcrumb"},"inLanguage":"hu","potentialAction":[{"@type":"ReadAction","target":["https:\/\/albaauto.hu\/?page_id=2588"]}]},{"@type":"BreadcrumbList","@id":"https:\/\/albaauto.hu\/?page_id=2588#breadcrumb","itemListElement":[{"@type":"ListItem","position":1,"name":"Kezd\u0151lap","item":"https:\/\/albaauto.hu\/"},{"@type":"ListItem","position":2,"name":"Impresszum"}]},{"@type":"WebSite","@id":"https:\/\/albaauto.hu\/#website","url":"https:\/\/albaauto.hu\/","name":"Alba Aut\u00f3jav\u00edt\u00f3","description":"Sz\u00e9kesfeh\u00e9rv\u00e1r","publisher":{"@id":"https:\/\/albaauto.hu\/#organization"},"potentialAction":[{"@type":"SearchAction","target":{"@type":"EntryPoint","urlTemplate":"https:\/\/albaauto.hu\/?s={search_term_string}"},"query-input":"required name=search_term_string"}],"inLanguage":"hu"},{"@type":"Organization","@id":"https:\/\/albaauto.hu\/#organization","name":"Alba Aut\u00f3jav\u00edt\u00f3 Kft.","url":"https:\/\/albaauto.hu\/","logo":{"@type":"ImageObject","inLanguage":"hu","@id":"https:\/\/albaauto.hu\/#\/schema\/logo\/image\/","url":"https:\/\/albaauto.hu\/wp-content\/uploads\/2022\/01\/infrared-lamps-drying-car-body-parts-after-applying-save-gloss-coating.jpg","contentUrl":"https:\/\/albaauto.hu\/wp-content\/uploads\/2022\/01\/infrared-lamps-drying-car-body-parts-after-applying-save-gloss-coating.jpg","width":1500,"height":1271,"caption":"Alba Aut\u00f3jav\u00edt\u00f3 Kft."},"image":{"@id":"https:\/\/albaauto.hu\/#\/schema\/logo\/image\/"}}]}},"_links":{"self":[{"href":"https:\/\/albaauto.hu\/index.php?rest_route=\/wp\/v2\/pages\/2588"}],"collection":[{"href":"https:\/\/albaauto.hu\/index.php?rest_route=\/wp\/v2\/pages"}],"about":[{"href":"https:\/\/albaauto.hu\/index.php?rest_route=\/wp\/v2\/types\/page"}],"author":[{"embeddable":true,"href":"https:\/\/albaauto.hu\/index.php?rest_route=\/wp\/v2\/users\/1"}],"replies":[{"embeddable":true,"href":"https:\/\/albaauto.hu\/index.php?rest_route=%2Fwp%2Fv2%2Fcomments&post=2588"}],"version-history":[{"count":3,"href":"https:\/\/albaauto.hu\/index.php?rest_route=\/wp\/v2\/pages\/2588\/revisions"}],"predecessor-version":[{"id":2591,"href":"https:\/\/albaauto.hu\/index.php?rest_route=\/wp\/v2\/pages\/2588\/revisions\/2591"}],"wp:attachment":[{"href":"https:\/\/albaauto.hu\/index.php?rest_route=%2Fwp%2Fv2%2Fmedia&parent=2588"}],"curies":[{"name":"wp","href":"https:\/\/api.w.org\/{rel}","templated":true}]}}